{"id":595,"date":"2020-10-07T06:29:40","date_gmt":"2020-10-07T06:29:40","guid":{"rendered":"https:\/\/www.dmcchinese.tv\/yinpin\/?page_id=595"},"modified":"2021-04-28T15:30:25","modified_gmt":"2021-04-28T08:30:25","slug":"%e5%bd%93%e4%b8%8d%e7%9f%a5%e9%81%93%e8%a6%81%e7%9c%8b%e5%93%aa%e4%b8%80%e6%9c%ac%e4%b9%a6","status":"publish","type":"page","link":"https:\/\/www.dmcchinese.tv\/yinpin\/%e5%bd%93%e4%b8%8d%e7%9f%a5%e9%81%93%e8%a6%81%e7%9c%8b%e5%93%aa%e4%b8%80%e6%9c%ac%e4%b9%a6\/","title":{"rendered":"\u5f53\u4e0d\u77e5\u9053\u8981\u770b\u54ea\u4e00\u672c\u4e66"},"content":{"rendered":"<div id=\"tdi_1\" class=\"tdc-zone\"><div class=\"tdc_zone tdi_2  wpb_row td-pb-row\"  >\n<style scoped>\n\/* custom css - generated by TagDiv Composer *\/\n\n\/* custom css - generated by TagDiv Composer *\/\n.tdi_2{\r\n                    min-height: 0;\r\n                }\n<\/style><div id=\"tdi_3\" class=\"tdc-row\"><div class=\"vc_row tdi_4 td-services wpb_row td-pb-row\" >\n<style scoped>\n\/* custom css - generated by TagDiv Composer *\/\n\n\/* custom css - generated by TagDiv Composer *\/\n.tdi_4,\r\n                .tdi_4 .tdc-columns{\r\n                    min-height: 0;\r\n                }.tdi_4,\r\n\t\t\t\t.tdi_4 .tdc-columns{\r\n\t\t\t\t    display: block;\r\n\t\t\t\t}.tdi_4 .tdc-columns{\r\n\t\t\t\t    width: 100%;\r\n\t\t\t\t}.tdi_4:before,\r\n\t\t\t\t.tdi_4:after{\r\n\t\t\t\t    display: table;\r\n\t\t\t\t}\n\/* inline tdc_css att - generated by TagDiv Composer *\/\n\n.tdi_4{\nmargin-top:40px !important;\nmargin-bottom:60px !important;\n}\n\n.tdi_4 .td_block_wrap{ text-align:left }\n\n\/* phone *\/\n@media (max-width: 767px)\n{\n.tdi_4{\nmargin-bottom:40px !important;\n}\n}\n\n\/* landscape *\/\n@media (min-width: 1019px) and (max-width: 1140px)\n{\n.tdi_4{\nmargin-bottom:40px !important;\n}\n}\n\n\/* portrait *\/\n@media (min-width: 768px) and (max-width: 1018px)\n{\n.tdi_4{\nmargin-bottom:40px !important;\n}\n}\n\n<\/style><div class=\"vc_column tdi_6  wpb_column vc_column_container tdc-column td-pb-span12\">\n<style scoped>\n\/* custom css - generated by TagDiv Composer *\/\n\n\/* custom css - generated by TagDiv Composer *\/\n.tdi_6{\r\n                    vertical-align: baseline;\r\n                }.tdi_6 > .wpb_wrapper,\r\n\t\t\t\t.tdi_6 > .wpb_wrapper > .tdc-elements{\r\n\t\t\t\t    display: block;\r\n\t\t\t\t}.tdi_6 > .wpb_wrapper > .tdc-elements{\r\n\t\t\t\t    width: 100%;\r\n\t\t\t\t}.tdi_6 > .wpb_wrapper > .vc_row_inner{\r\n\t\t\t\t    width: auto;\r\n\t\t\t\t}.tdi_6 > .wpb_wrapper{\r\n\t\t\t\t    width: auto;\r\n\t\t\t\t    height: auto;\r\n\t\t\t\t}\n<\/style><div class=\"wpb_wrapper\" ><div class=\"tdm_block td_block_wrap tdm_block_column_title tdi_7 tdm-content-horiz-center td-pb-border-top td-services td_block_template_1\"  data-td-block-uid=\"tdi_7\" >\n<style>\n\n\/* inline tdc_css att - generated by TagDiv Composer *\/\n\n.tdi_7{\nmargin-bottom:-20px !important;\n}\n\n<\/style>\n<style>\n\/* custom css - generated by TagDiv Composer *\/\n.tdm_block_column_title{\r\n                  margin-bottom: 0;\r\n                  display: inline-block;\r\n                  width: 100%;\r\n                }\n<\/style><div class=\"td-block-row\"><div class=\"td-block-span12 tdm-col\">\n<style>\n\/* custom css - generated by TagDiv Composer *\/\nbody .tdi_8 .tdm-title{\r\n\t\t\t\t\tcolor: #444444;\r\n\t\t\t\t}.tdi_8 .tdm-title{\r\n\t\t\t\t\tfont-family:Roboto !important;font-size:46px !important;line-height:1.2 !important;font-weight:600 !important;\r\n\t\t\t\t}\n\n\/* landscape *\/\n@media (min-width: 1019px) and (max-width: 1140px){\n.tdi_8 .tdm-title{\r\n\t\t\t\t\tfont-size:42px !important;\r\n\t\t\t\t}\n}\n\n\/* portrait *\/\n@media (min-width: 768px) and (max-width: 1018px){\n.tdi_8 .tdm-title{\r\n\t\t\t\t\tfont-size:36px !important;\r\n\t\t\t\t}\n}\n\n\/* phone *\/\n@media (max-width: 767px){\n.tdi_8 .tdm-title{\r\n\t\t\t\t\tfont-size:36px !important;\r\n\t\t\t\t}\n}\n<\/style><div class=\"tds-title tds-title1 td-fix-index tdi_8 \"><h3 class=\"tdm-title tdm-title-bg\">\u5f53\u4e0d\u77e5\u9053\u8981\u770b\u54ea\u4e00\u672c\u4e66<\/h3><\/div><\/div><\/div><\/div><div class=\"tdm_block td_block_wrap tdm_block_inline_text tdi_9 td-pb-border-top td-dentist-big-elements td_block_template_1\"  data-td-block-uid=\"tdi_9\" >\n<style>\n\n\/* inline tdc_css att - generated by TagDiv Composer *\/\n\n\/* landscape *\/\n@media (min-width: 1019px) and (max-width: 1140px)\n{\n.tdi_9{\nmargin-top:-5px !important;\n}\n}\n\n\/* portrait *\/\n@media (min-width: 768px) and (max-width: 1018px)\n{\n.tdi_9{\nmargin-top:-10px !important;\n}\n}\n\n<\/style>\n<style>\n\/* custom css - generated by TagDiv Composer *\/\n.tdm_block.tdm_block_inline_text{\r\n                  margin-bottom: 0;\r\n                  vertical-align: top;\r\n                }.tdm_block.tdm_block_inline_text .tdm-descr{\r\n                  margin-bottom: 0;\r\n                  -webkit-transform: translateZ(0);\r\n                  transform: translateZ(0);\r\n                }.tdc-row-content-vert-center .tdm-inline-text-yes{\r\n                  vertical-align: middle;\r\n                }.tdc-row-content-vert-bottom .tdm-inline-text-yes{\r\n                  vertical-align: bottom;\r\n                }.tdi_9{\r\n                    text-align: center !important;\r\n                    margin-right: auto; \r\n                    margin-left: auto;\r\n                }.tdi_9 .tdm-descr{\r\n                    color: #eb332a;\r\n                \r\n\t\t\t\t\tfont-size:16px !important;line-height:1.8 !important;\r\n\t\t\t\t}\n\n\/* landscape *\/\n@media (min-width: 1019px) and (max-width: 1140px){\n.tdi_9 .tdm-descr{\r\n\t\t\t\t\tfont-size:15px !important;\r\n\t\t\t\t}\n}\n\n\/* portrait *\/\n@media (min-width: 768px) and (max-width: 1018px){\n.tdi_9 .tdm-descr{\r\n\t\t\t\t\tfont-size:14px !important;\r\n\t\t\t\t}\n}\n<\/style><p class=\"tdm-descr\">\u5185\u5bb9\u6536\u96c6\u4e86\u4e0d\u5927\u8001\u5e08\u6240\u6559\u5bfc\u7684\u4fee\u884c\u65b9\u6cd5\n\n\u5e08\u7236\u4ee5\u7231\u4e0e\u5173\u6000\u6765\u6559\u5bfc\u5f1f\u5b50\n\n\n\u4e8e\u662f\uff0c\u4f5c\u8005\u56e2\u5f81\u6c42\u4e86\u4e0d\u5927\u8001\u5e08\u7684\u8bb8\u53ef\n\n\u6536\u96c6\u3001\u7f16\u8f91\u4e86\u8fd9\u4e9b\u5b9d\u8d35\u7684\u8bdd\u8bed\n\n\u4e3a\u4e86\u6210\u5c31\u4e00\u4efd\uff1a\u53ef\u4ee5\u589e\u52a0\u5fc3\u7075\u529b\u91cf\u7684\u793c\u7269\n\n\u4ee5\u5448\u732e\u7ed9\u2026\u2026\u5177\u6709\u529f\u5fb7\u7684\u5c0a\u8005\n\n\u6709\u8fd9\u6837\u7684\u673a\u4f1a\uff0c\u56e0\u4e3a\u6cd5\u80dc\u5e08\u7236\u7684\u751f\u65e5\u4ee5\u53ca\u4fdd\u62a4\u4e16\u754c\u65e5\n\n<\/p><\/div><\/div><\/div><\/div><\/div><div id=\"tdi_10\" class=\"tdc-row\"><div class=\"vc_row tdi_11  wpb_row td-pb-row\" >\n<style scoped>\n\/* custom css - generated by TagDiv Composer *\/\n\n\/* custom css - generated by TagDiv Composer *\/\n.tdi_11,\r\n                .tdi_11 .tdc-columns{\r\n                    min-height: 0;\r\n                }.tdi_11,\r\n\t\t\t\t.tdi_11 .tdc-columns{\r\n\t\t\t\t    display: block;\r\n\t\t\t\t}.tdi_11 .tdc-columns{\r\n\t\t\t\t    width: 100%;\r\n\t\t\t\t}.tdi_11:before,\r\n\t\t\t\t.tdi_11:after{\r\n\t\t\t\t    display: table;\r\n\t\t\t\t}\n<\/style><div class=\"vc_column tdi_13  wpb_column vc_column_container tdc-column td-pb-span4\">\n<style scoped>\n\/* custom css - generated by TagDiv Composer *\/\n\n\/* custom css - generated by TagDiv Composer *\/\n.tdi_13{\r\n                    vertical-align: baseline;\r\n                }.tdi_13 > .wpb_wrapper,\r\n\t\t\t\t.tdi_13 > .wpb_wrapper > .tdc-elements{\r\n\t\t\t\t    display: block;\r\n\t\t\t\t}.tdi_13 > .wpb_wrapper > .tdc-elements{\r\n\t\t\t\t    width: 100%;\r\n\t\t\t\t}.tdi_13 > .wpb_wrapper > .vc_row_inner{\r\n\t\t\t\t    width: auto;\r\n\t\t\t\t}.tdi_13 > .wpb_wrapper{\r\n\t\t\t\t    width: auto;\r\n\t\t\t\t    height: auto;\r\n\t\t\t\t}\n<\/style><div class=\"wpb_wrapper\" ><div class=\"wpb_wrapper td_block_wrap vc_raw_html tdi_15 \"><div class=\"td-fix-index\"><h2 style=\"text-align: center;\">\u5e8f\u8a00\n<audio controls=\"controls\">\n<source src=\"https:\/\/www.dmcchinese.tv\/download\/yinpin\/D\u0101ng-b\u00f9-zh\u012bd\u00e0o-y\u00e0o-k\u00e0n-n\u01ce-y\u012b-b\u011bn-sh\u016b\/00-D\u0101ng-b\u00f9-zh\u012bd\u00e0o.mp3\" type=\"audio\/mpeg\" \/>\n<\/audio><\/h2><\/div><\/div><\/div><\/div><div class=\"vc_column tdi_17  wpb_column vc_column_container tdc-column td-pb-span4\">\n<style scoped>\n\/* custom css - generated by TagDiv Composer *\/\n\n\/* custom css - generated by TagDiv Composer *\/\n.tdi_17{\r\n                    vertical-align: baseline;\r\n                }.tdi_17 > .wpb_wrapper,\r\n\t\t\t\t.tdi_17 > .wpb_wrapper > .tdc-elements{\r\n\t\t\t\t    display: block;\r\n\t\t\t\t}.tdi_17 > .wpb_wrapper > .tdc-elements{\r\n\t\t\t\t    width: 100%;\r\n\t\t\t\t}.tdi_17 > .wpb_wrapper > .vc_row_inner{\r\n\t\t\t\t    width: auto;\r\n\t\t\t\t}.tdi_17 > .wpb_wrapper{\r\n\t\t\t\t    width: auto;\r\n\t\t\t\t    height: auto;\r\n\t\t\t\t}\n<\/style><div class=\"wpb_wrapper\" ><div class=\"wpb_wrapper td_block_wrap vc_raw_html tdi_19 \"><div class=\"td-fix-index\"><h2 style=\"text-align: center;\">\u4ee5\u6b63\u6cd5\u800c\u4fee\u884c\n<audio controls=\"controls\">\n<source src=\"https:\/\/www.dmcchinese.tv\/download\/yinpin\/D\u0101ng-b\u00f9-zh\u012bd\u00e0o-y\u00e0o-k\u00e0n-n\u01ce-y\u012b-b\u011bn-sh\u016b\/01-D\u0101ng-b\u00f9-zh\u012bd\u00e0o.mp3\" type=\"audio\/mpeg\" \/>\n<\/audio><\/h2><\/div><\/div><\/div><\/div><div class=\"vc_column tdi_21  wpb_column vc_column_container tdc-column td-pb-span4\">\n<style scoped>\n\/* custom css - generated by TagDiv Composer *\/\n\n\/* custom css - generated by TagDiv Composer *\/\n.tdi_21{\r\n                    vertical-align: baseline;\r\n                }.tdi_21 > .wpb_wrapper,\r\n\t\t\t\t.tdi_21 > .wpb_wrapper > .tdc-elements{\r\n\t\t\t\t    display: block;\r\n\t\t\t\t}.tdi_21 > .wpb_wrapper > .tdc-elements{\r\n\t\t\t\t    width: 100%;\r\n\t\t\t\t}.tdi_21 > .wpb_wrapper > .vc_row_inner{\r\n\t\t\t\t    width: auto;\r\n\t\t\t\t}.tdi_21 > .wpb_wrapper{\r\n\t\t\t\t    width: auto;\r\n\t\t\t\t    height: auto;\r\n\t\t\t\t}\n<\/style><div class=\"wpb_wrapper\" ><div class=\"wpb_wrapper td_block_wrap vc_raw_html tdi_23 \"><div class=\"td-fix-index\"><h2 style=\"text-align: center;\">\u589e\u52a0\u6280\u80fd\u4e3a\u4e86\u8bc1\u5165\u4f5b\u6cd5\n<audio controls=\"controls\">\n<source src=\"https:\/\/www.dmcchinese.tv\/download\/yinpin\/D\u0101ng-b\u00f9-zh\u012bd\u00e0o-y\u00e0o-k\u00e0n-n\u01ce-y\u012b-b\u011bn-sh\u016b\/02-D\u0101ng-b\u00f9-zh\u012bd\u00e0o.mp3\" type=\"audio\/mpeg\" \/>\n<\/audio><\/h2><\/div><\/div><\/div><\/div><\/div><\/div><div id=\"tdi_24\" class=\"tdc-row\"><div class=\"vc_row tdi_25  wpb_row td-pb-row\" >\n<style scoped>\n\/* custom css - generated by TagDiv Composer *\/\n\n\/* custom css - generated by TagDiv Composer *\/\n.tdi_25,\r\n                .tdi_25 .tdc-columns{\r\n                    min-height: 0;\r\n                }.tdi_25,\r\n\t\t\t\t.tdi_25 .tdc-columns{\r\n\t\t\t\t    display: block;\r\n\t\t\t\t}.tdi_25 .tdc-columns{\r\n\t\t\t\t    width: 100%;\r\n\t\t\t\t}.tdi_25:before,\r\n\t\t\t\t.tdi_25:after{\r\n\t\t\t\t    display: table;\r\n\t\t\t\t}\n<\/style><div class=\"vc_column tdi_27  wpb_column vc_column_container tdc-column td-pb-span4\">\n<style scoped>\n\/* custom css - generated by TagDiv Composer *\/\n\n\/* custom css - generated by TagDiv Composer *\/\n.tdi_27{\r\n                    vertical-align: baseline;\r\n                }.tdi_27 > .wpb_wrapper,\r\n\t\t\t\t.tdi_27 > .wpb_wrapper > .tdc-elements{\r\n\t\t\t\t    display: block;\r\n\t\t\t\t}.tdi_27 > .wpb_wrapper > .tdc-elements{\r\n\t\t\t\t    width: 100%;\r\n\t\t\t\t}.tdi_27 > .wpb_wrapper > .vc_row_inner{\r\n\t\t\t\t    width: auto;\r\n\t\t\t\t}.tdi_27 > .wpb_wrapper{\r\n\t\t\t\t    width: auto;\r\n\t\t\t\t    height: auto;\r\n\t\t\t\t}\n<\/style><div class=\"wpb_wrapper\" ><div class=\"wpb_wrapper td_block_wrap vc_raw_html tdi_29 \"><div class=\"td-fix-index\"><h2 style=\"text-align: center;\">\u589e\u52a0\u4fee\u884c\u7684\u4fe1\u5fc3\n<audio controls=\"controls\">\n<source src=\"https:\/\/www.dmcchinese.tv\/download\/yinpin\/D\u0101ng-b\u00f9-zh\u012bd\u00e0o-y\u00e0o-k\u00e0n-n\u01ce-y\u012b-b\u011bn-sh\u016b\/03-D\u0101ng-b\u00f9-zh\u012bd\u00e0o.mp3\" type=\"audio\/mpeg\" \/>\n<\/audio><\/h2><\/div><\/div><\/div><\/div><div class=\"vc_column tdi_31  wpb_column vc_column_container tdc-column td-pb-span4\">\n<style scoped>\n\/* custom css - generated by TagDiv Composer *\/\n\n\/* custom css - generated by TagDiv Composer *\/\n.tdi_31{\r\n                    vertical-align: baseline;\r\n                }.tdi_31 > .wpb_wrapper,\r\n\t\t\t\t.tdi_31 > .wpb_wrapper > .tdc-elements{\r\n\t\t\t\t    display: block;\r\n\t\t\t\t}.tdi_31 > .wpb_wrapper > .tdc-elements{\r\n\t\t\t\t    width: 100%;\r\n\t\t\t\t}.tdi_31 > .wpb_wrapper > .vc_row_inner{\r\n\t\t\t\t    width: auto;\r\n\t\t\t\t}.tdi_31 > .wpb_wrapper{\r\n\t\t\t\t    width: auto;\r\n\t\t\t\t    height: auto;\r\n\t\t\t\t}\n<\/style><div class=\"wpb_wrapper\" ><div class=\"wpb_wrapper td_block_wrap vc_raw_html tdi_33 \"><div class=\"td-fix-index\"><h2 style=\"text-align: center;\">\u8bad\u7ec3\u8eab\u3001\u5fc3\u7ee7\u7eed\u7ee3\u6ce2\u7f57\u871c\n<audio controls=\"controls\">\n<source src=\"https:\/\/www.dmcchinese.tv\/download\/yinpin\/D\u0101ng-b\u00f9-zh\u012bd\u00e0o-y\u00e0o-k\u00e0n-n\u01ce-y\u012b-b\u011bn-sh\u016b\/04-D\u0101ng-b\u00f9-zh\u012bd\u00e0o.mp3\" type=\"audio\/mpeg\" \/>\n<\/audio><\/h2><\/div><\/div><\/div><\/div><div class=\"vc_column tdi_35  wpb_column vc_column_container tdc-column td-pb-span4\">\n<style scoped>\n\/* custom css - generated by TagDiv Composer *\/\n\n\/* custom css - generated by TagDiv Composer *\/\n.tdi_35{\r\n                    vertical-align: baseline;\r\n                }.tdi_35 > .wpb_wrapper,\r\n\t\t\t\t.tdi_35 > .wpb_wrapper > .tdc-elements{\r\n\t\t\t\t    display: block;\r\n\t\t\t\t}.tdi_35 > .wpb_wrapper > .tdc-elements{\r\n\t\t\t\t    width: 100%;\r\n\t\t\t\t}.tdi_35 > .wpb_wrapper > .vc_row_inner{\r\n\t\t\t\t    width: auto;\r\n\t\t\t\t}.tdi_35 > .wpb_wrapper{\r\n\t\t\t\t    width: auto;\r\n\t\t\t\t    height: auto;\r\n\t\t\t\t}\n<\/style><div class=\"wpb_wrapper\" ><div class=\"wpb_wrapper td_block_wrap vc_raw_html tdi_37 \"><div class=\"td-fix-index\"><h2 style=\"text-align: center;\">\u798f\u62a5\u3001\u6076\u4e1a\u4e0e\u56e0\u679c\u62a5\u5e94\n<audio controls=\"controls\">\n<source src=\"https:\/\/www.dmcchinese.tv\/download\/yinpin\/D\u0101ng-b\u00f9-zh\u012bd\u00e0o-y\u00e0o-k\u00e0n-n\u01ce-y\u012b-b\u011bn-sh\u016b\/06-D\u0101ng-b\u00f9-zh\u012bd\u00e0o.mp3\" type=\"audio\/mpeg\" \/>\n<\/audio><\/h2><\/div><\/div><\/div><\/div><\/div><\/div><div id=\"tdi_38\" class=\"tdc-row\"><div class=\"vc_row tdi_39  wpb_row td-pb-row\" >\n<style scoped>\n\/* custom css - generated by TagDiv Composer *\/\n\n\/* custom css - generated by TagDiv Composer *\/\n.tdi_39,\r\n                .tdi_39 .tdc-columns{\r\n                    min-height: 0;\r\n                }.tdi_39,\r\n\t\t\t\t.tdi_39 .tdc-columns{\r\n\t\t\t\t    display: block;\r\n\t\t\t\t}.tdi_39 .tdc-columns{\r\n\t\t\t\t    width: 100%;\r\n\t\t\t\t}.tdi_39:before,\r\n\t\t\t\t.tdi_39:after{\r\n\t\t\t\t    display: table;\r\n\t\t\t\t}\n\/* inline tdc_css att - generated by TagDiv Composer *\/\n\n.tdi_39{\nmargin-bottom:80px !important;\n}\n\n.tdi_39 .td_block_wrap{ text-align:left }\n\n\/* phone *\/\n@media (max-width: 767px)\n{\n.tdi_39{\nmargin-bottom:60px !important;\n}\n}\n\n\/* landscape *\/\n@media (min-width: 1019px) and (max-width: 1140px)\n{\n.tdi_39{\nmargin-bottom:70px !important;\n}\n}\n\n\/* portrait *\/\n@media (min-width: 768px) and (max-width: 1018px)\n{\n.tdi_39{\nmargin-bottom:60px !important;\n}\n}\n\n<\/style><div class=\"vc_column tdi_41  wpb_column vc_column_container tdc-column td-pb-span12\">\n<style scoped>\n\/* custom css - generated by TagDiv Composer *\/\n\n\/* custom css - generated by TagDiv Composer *\/\n.tdi_41{\r\n                    vertical-align: baseline;\r\n                }.tdi_41 > .wpb_wrapper,\r\n\t\t\t\t.tdi_41 > .wpb_wrapper > .tdc-elements{\r\n\t\t\t\t    display: block;\r\n\t\t\t\t}.tdi_41 > .wpb_wrapper > .tdc-elements{\r\n\t\t\t\t    width: 100%;\r\n\t\t\t\t}.tdi_41 > .wpb_wrapper > .vc_row_inner{\r\n\t\t\t\t    width: auto;\r\n\t\t\t\t}.tdi_41 > .wpb_wrapper{\r\n\t\t\t\t    width: auto;\r\n\t\t\t\t    height: auto;\r\n\t\t\t\t}\n<\/style><div class=\"wpb_wrapper\" ><div class=\"tdm_block td_block_wrap tdm_block_button tdi_42 tdm-content-horiz-center td-pb-border-top td_block_template_1\"  data-td-block-uid=\"tdi_42\"     >\n<style>\n\/* custom css - generated by TagDiv Composer *\/\n.tdm_block.tdm_block_button{\r\n                  margin-bottom: 0;\r\n                }.tdm_block.tdm_block_button .tds-button{\r\n                  line-height: 0;\r\n                }.tdm_block.tdm_block_button.tdm-block-button-inline{\r\n                  display: inline-block;\r\n                }.tdm_block.tdm_block_button.tdm-block-button-full,\r\n                .tdm_block.tdm_block_button.tdm-block-button-full .tdm-btn{\r\n                  display: block;\r\n                }\n<\/style>\n<style>\n\/* custom css - generated by TagDiv Composer *\/\nbody .tdi_43 .tdm-btn-text,\r\n\t\t\t\tbody .tdi_43 i{\r\n\t\t\t\t\tcolor: #cecece;\r\n\t\t\t\t}.tdi_43 svg{\r\n\t\t\t\t    fill: #cecece;\r\n\t\t\t\t}.tdi_43 svg *{\r\n\t\t\t\t    fill: inherit;\r\n\t\t\t\t}body .tdi_43:hover .tdm-btn-text,\r\n\t\t\t\tbody .tdi_43:hover i{\r\n\t\t\t\t\tcolor: #444444;\r\n\t\t\t\t\r\n\t\t\t\t\t-webkit-text-fill-color: unset;\r\n\t\t\t\t\tbackground: transparent;\r\n\t\t\t\t\ttransition: none;\r\n\t\t\t\t}body .tdi_43:hover svg{\r\n\t\t\t\t    fill: #444444;\r\n\t\t\t\t}body .tdi_43:hover svg *{\r\n\t\t\t\t    fill: inherit;\r\n\t\t\t\t}body .tdi_43:before{\r\n\t\t\t\t\tborder-color: #eaeaea;\r\n\t\t\t\t}body .tdi_43:hover:before{\r\n\t\t\t\t\tborder-color: #eaeaea;\r\n\t\t\t\t}.tdi_43:before{\r\n\t\t\t\t\tborder-width: 2px;\r\n\t\t\t\t\r\n\t\t\t\t\tborder-style: solid;\r\n\t\t\t\t}.tdi_43,\r\n\t\t\t\t.tdi_43:before,\r\n\t\t\t\t.tdi_43:after{\r\n\t\t\t\t\tborder-radius: 50px;\r\n\t\t\t\t}.tdi_43{\r\n\t\t\t\t\tfont-size:50px !important;\r\n\t\t\t\t}\n<\/style><div class=\"tds-button td-fix-index\"><a href=\"https:\/\/buddhistpedia.net\/download\/dmcchinese.tv\/yinpin\/D\u0101ng-b\u00f9-zh\u012bd\u00e0o-y\u00e0o-k\u00e0n-n\u01ce-y\u012b-b\u011bn-sh\u016b\/dangbuzhidao-all.mp3\"  title=\"\u8fde\u7eed\u542c\" class=\"tds-button2 tdm-btn tdm-btn-lg tdi_43 \" ><span class=\"tdm-btn-text\">\u8fde\u7eed\u542c<\/span><\/a><\/div><\/div><\/div><\/div><\/div><\/div><\/div><\/div>","protected":false},"excerpt":{"rendered":"","protected":false},"author":1,"featured_media":0,"parent":0,"menu_order":0,"comment_status":"closed","ping_status":"closed","template":"","meta":{"footnotes":""},"class_list":["post-595","page","type-page","status-publish"],"_links":{"self":[{"href":"https:\/\/www.dmcchinese.tv\/yinpin\/wp-json\/wp\/v2\/pages\/595","targetHints":{"allow":["GET"]}}],"collection":[{"href":"https:\/\/www.dmcchinese.tv\/yinpin\/wp-json\/wp\/v2\/pages"}],"about":[{"href":"https:\/\/www.dmcchinese.tv\/yinpin\/wp-json\/wp\/v2\/types\/page"}],"author":[{"embeddable":true,"href":"https:\/\/www.dmcchinese.tv\/yinpin\/wp-json\/wp\/v2\/users\/1"}],"replies":[{"embeddable":true,"href":"https:\/\/www.dmcchinese.tv\/yinpin\/wp-json\/wp\/v2\/comments?post=595"}],"version-history":[{"count":22,"href":"https:\/\/www.dmcchinese.tv\/yinpin\/wp-json\/wp\/v2\/pages\/595\/revisions"}],"predecessor-version":[{"id":673,"href":"https:\/\/www.dmcchinese.tv\/yinpin\/wp-json\/wp\/v2\/pages\/595\/revisions\/673"}],"wp:attachment":[{"href":"https:\/\/www.dmcchinese.tv\/yinpin\/wp-json\/wp\/v2\/media?parent=595"}],"curies":[{"name":"wp","href":"https:\/\/api.w.org\/{rel}","templated":true}]}}